{"id":2508,"date":"2022-12-13T13:26:14","date_gmt":"2022-12-13T18:26:14","guid":{"rendered":"https:\/\/deepwai.com\/?page_id=2508"},"modified":"2022-12-13T14:36:38","modified_gmt":"2022-12-13T19:36:38","slug":"mas-paginas-web-o-apicaciones","status":"publish","type":"page","link":"https:\/\/deepwai.com\/en\/mas-paginas-web-o-apicaciones\/","title":{"rendered":"More Web Pages or Applications"},"content":{"rendered":"<div data-elementor-type=\"wp-page\" data-elementor-id=\"2508\" class=\"elementor elementor-2508\" data-elementor-post-type=\"page\">\n\t\t\t\t<div class=\"elementor-element elementor-element-720e2a8 e-flex e-con-boxed e-con e-parent\" data-id=\"720e2a8\" data-element_type=\"container\" data-e-type=\"container\">\n\t\t\t\t\t<div class=\"e-con-inner\">\n\t\t<div class=\"elementor-element elementor-element-2a730d2 e-con-full e-flex e-con e-parent\" data-id=\"2a730d2\" data-element_type=\"container\" data-e-type=\"container\">\n\t\t\t\t<div class=\"elementor-element elementor-element-f1f853c elementor-widget elementor-widget-heading\" data-id=\"f1f853c\" data-element_type=\"widget\" data-e-type=\"widget\" data-widget_type=\"heading.default\">\n\t\t\t\t<div class=\"elementor-widget-container\">\n\t\t\t\t\t<h2 class=\"elementor-heading-title elementor-size-default\">Website or (App) Pastry Shop<\/h2>\t\t\t\t<\/div>\n\t\t\t\t<\/div>\n\t\t\t\t<div class=\"elementor-element elementor-element-711f49e elementor-widget elementor-widget-image\" data-id=\"711f49e\" data-element_type=\"widget\" data-e-type=\"widget\" data-widget_type=\"image.default\">\n\t\t\t\t<div class=\"elementor-widget-container\">\n\t\t\t\t\t\t\t\t\t\t\t\t\t\t\t<img fetchpriority=\"high\" decoding=\"async\" width=\"497\" height=\"1024\" src=\"https:\/\/deepwai.com\/wp-content\/uploads\/2022\/12\/cake-shop-04-cakes-497x1024.jpg\" class=\"attachment-large size-large wp-image-2512\" alt=\"\" srcset=\"https:\/\/deepwai.com\/wp-content\/uploads\/2022\/12\/cake-shop-04-cakes-497x1024.jpg 497w, https:\/\/deepwai.com\/wp-content\/uploads\/2022\/12\/cake-shop-04-cakes-146x300.jpg 146w, https:\/\/deepwai.com\/wp-content\/uploads\/2022\/12\/cake-shop-04-cakes-768x1581.jpg 768w, https:\/\/deepwai.com\/wp-content\/uploads\/2022\/12\/cake-shop-04-cakes-746x1536.jpg 746w, https:\/\/deepwai.com\/wp-content\/uploads\/2022\/12\/cake-shop-04-cakes-995x2048.jpg 995w, https:\/\/deepwai.com\/wp-content\/uploads\/2022\/12\/cake-shop-04-cakes.jpg 1200w\" sizes=\"(max-width: 497px) 100vw, 497px\" \/>\t\t\t\t\t\t\t\t\t\t\t\t\t\t\t<\/div>\n\t\t\t\t<\/div>\n\t\t\t\t<\/div>\n\t\t<div class=\"elementor-element elementor-element-26327af e-con-full e-flex e-con e-parent\" data-id=\"26327af\" data-element_type=\"container\" data-e-type=\"container\">\n\t\t\t\t<div class=\"elementor-element elementor-element-123dd7c elementor-widget elementor-widget-heading\" data-id=\"123dd7c\" data-element_type=\"widget\" data-e-type=\"widget\" data-widget_type=\"heading.default\">\n\t\t\t\t<div class=\"elementor-widget-container\">\n\t\t\t\t\t<h2 class=\"elementor-heading-title elementor-size-default\">Website or (App) Mechanical Workshop<\/h2>\t\t\t\t<\/div>\n\t\t\t\t<\/div>\n\t\t\t\t<div class=\"elementor-element elementor-element-58be250 elementor-widget elementor-widget-image\" data-id=\"58be250\" data-element_type=\"widget\" data-e-type=\"widget\" data-widget_type=\"image.default\">\n\t\t\t\t<div class=\"elementor-widget-container\">\n\t\t\t\t\t\t\t\t\t\t\t\t\t\t\t<img decoding=\"async\" width=\"346\" height=\"1024\" data-src=\"https:\/\/deepwai.com\/wp-content\/uploads\/2022\/12\/car-repair-02-homepage-346x1024.jpg\" class=\"attachment-large size-large wp-image-2513 lazyload\" alt=\"\" data-srcset=\"https:\/\/deepwai.com\/wp-content\/uploads\/2022\/12\/car-repair-02-homepage-346x1024.jpg 346w, https:\/\/deepwai.com\/wp-content\/uploads\/2022\/12\/car-repair-02-homepage-101x300.jpg 101w, https:\/\/deepwai.com\/wp-content\/uploads\/2022\/12\/car-repair-02-homepage-768x2271.jpg 768w, https:\/\/deepwai.com\/wp-content\/uploads\/2022\/12\/car-repair-02-homepage-519x1536.jpg 519w, https:\/\/deepwai.com\/wp-content\/uploads\/2022\/12\/car-repair-02-homepage-692x2048.jpg 692w, https:\/\/deepwai.com\/wp-content\/uploads\/2022\/12\/car-repair-02-homepage-scaled.jpg 866w\" data-sizes=\"(max-width: 346px) 100vw, 346px\" src=\"data:image\/svg+xml;base64,PHN2ZyB3aWR0aD0iMSIgaGVpZ2h0PSIxIiB4bWxucz0iaHR0cDovL3d3dy53My5vcmcvMjAwMC9zdmciPjwvc3ZnPg==\" style=\"--smush-placeholder-width: 346px; --smush-placeholder-aspect-ratio: 346\/1024;\" \/>\t\t\t\t\t\t\t\t\t\t\t\t\t\t\t<\/div>\n\t\t\t\t<\/div>\n\t\t\t\t<\/div>\n\t\t\t\t\t<\/div>\n\t\t\t\t<\/div>\n\t\t<div class=\"elementor-element elementor-element-e737c62 e-flex e-con-boxed e-con e-parent\" data-id=\"e737c62\" data-element_type=\"container\" data-e-type=\"container\">\n\t\t\t\t\t<div class=\"e-con-inner\">\n\t\t<div class=\"elementor-element elementor-element-060fd32 e-con-full e-flex e-con e-parent\" data-id=\"060fd32\" data-element_type=\"container\" data-e-type=\"container\">\n\t\t\t\t<div class=\"elementor-element elementor-element-2414992 elementor-widget elementor-widget-heading\" data-id=\"2414992\" data-element_type=\"widget\" data-e-type=\"widget\" data-widget_type=\"heading.default\">\n\t\t\t\t<div class=\"elementor-widget-container\">\n\t\t\t\t\t<h2 class=\"elementor-heading-title elementor-size-default\">Website or (App) Moving Services  <\/h2>\t\t\t\t<\/div>\n\t\t\t\t<\/div>\n\t\t\t\t<div class=\"elementor-element elementor-element-999e160 elementor-widget elementor-widget-image\" data-id=\"999e160\" data-element_type=\"widget\" data-e-type=\"widget\" data-widget_type=\"image.default\">\n\t\t\t\t<div class=\"elementor-widget-container\">\n\t\t\t\t\t\t\t\t\t\t\t\t\t\t\t<img decoding=\"async\" width=\"271\" height=\"1024\" data-src=\"https:\/\/deepwai.com\/wp-content\/uploads\/2022\/12\/moving-services-04-home-271x1024.jpg\" class=\"attachment-large size-large wp-image-2514 lazyload\" alt=\"\" data-srcset=\"https:\/\/deepwai.com\/wp-content\/uploads\/2022\/12\/moving-services-04-home-271x1024.jpg 271w, https:\/\/deepwai.com\/wp-content\/uploads\/2022\/12\/moving-services-04-home-79x300.jpg 79w, https:\/\/deepwai.com\/wp-content\/uploads\/2022\/12\/moving-services-04-home-768x2899.jpg 768w, https:\/\/deepwai.com\/wp-content\/uploads\/2022\/12\/moving-services-04-home-407x1536.jpg 407w, https:\/\/deepwai.com\/wp-content\/uploads\/2022\/12\/moving-services-04-home-scaled.jpg 678w\" data-sizes=\"(max-width: 271px) 100vw, 271px\" src=\"data:image\/svg+xml;base64,PHN2ZyB3aWR0aD0iMSIgaGVpZ2h0PSIxIiB4bWxucz0iaHR0cDovL3d3dy53My5vcmcvMjAwMC9zdmciPjwvc3ZnPg==\" style=\"--smush-placeholder-width: 271px; --smush-placeholder-aspect-ratio: 271\/1024;\" \/>\t\t\t\t\t\t\t\t\t\t\t\t\t\t\t<\/div>\n\t\t\t\t<\/div>\n\t\t\t\t<\/div>\n\t\t<div class=\"elementor-element elementor-element-52a87b6 e-con-full e-flex e-con e-parent\" data-id=\"52a87b6\" data-element_type=\"container\" data-e-type=\"container\">\n\t\t\t\t<div class=\"elementor-element elementor-element-a7d9007 elementor-widget elementor-widget-heading\" data-id=\"a7d9007\" data-element_type=\"widget\" data-e-type=\"widget\" data-widget_type=\"heading.default\">\n\t\t\t\t<div class=\"elementor-widget-container\">\n\t\t\t\t\t<h2 class=\"elementor-heading-title elementor-size-default\">Website or (App) Coffee Shop<\/h2>\t\t\t\t<\/div>\n\t\t\t\t<\/div>\n\t\t\t\t<div class=\"elementor-element elementor-element-4eedbcd elementor-widget elementor-widget-image\" data-id=\"4eedbcd\" data-element_type=\"widget\" data-e-type=\"widget\" data-widget_type=\"image.default\">\n\t\t\t\t<div class=\"elementor-widget-container\">\n\t\t\t\t\t\t\t\t\t\t\t\t\t\t\t<img decoding=\"async\" width=\"278\" height=\"1024\" data-src=\"https:\/\/deepwai.com\/wp-content\/uploads\/2022\/12\/coffee-shop-04-278x1024.jpg\" class=\"attachment-large size-large wp-image-2515 lazyload\" alt=\"\" data-srcset=\"https:\/\/deepwai.com\/wp-content\/uploads\/2022\/12\/coffee-shop-04-278x1024.jpg 278w, https:\/\/deepwai.com\/wp-content\/uploads\/2022\/12\/coffee-shop-04-768x2829.jpg 768w, https:\/\/deepwai.com\/wp-content\/uploads\/2022\/12\/coffee-shop-04-417x1536.jpg 417w, https:\/\/deepwai.com\/wp-content\/uploads\/2022\/12\/coffee-shop-04-556x2048.jpg 556w, https:\/\/deepwai.com\/wp-content\/uploads\/2022\/12\/coffee-shop-04-scaled.jpg 695w\" data-sizes=\"(max-width: 278px) 100vw, 278px\" src=\"data:image\/svg+xml;base64,PHN2ZyB3aWR0aD0iMSIgaGVpZ2h0PSIxIiB4bWxucz0iaHR0cDovL3d3dy53My5vcmcvMjAwMC9zdmciPjwvc3ZnPg==\" style=\"--smush-placeholder-width: 278px; --smush-placeholder-aspect-ratio: 278\/1024;\" \/>\t\t\t\t\t\t\t\t\t\t\t\t\t\t\t<\/div>\n\t\t\t\t<\/div>\n\t\t\t\t<\/div>\n\t\t\t\t\t<\/div>\n\t\t\t\t<\/div>\n\t\t\t\t<\/div>","protected":false},"excerpt":{"rendered":"<p>P\u00e1gina web o (App) Pasteler\u00eda P\u00e1gina web o (App) Taller Mec\u00e1nico P\u00e1gina web o (App) Servicio de Mudanza P\u00e1gina web o (App) Cafeteria<\/p>","protected":false},"author":1,"featured_media":0,"parent":0,"menu_order":0,"comment_status":"closed","ping_status":"closed","template":"","meta":{"footnotes":""},"class_list":["post-2508","page","type-page","status-publish","hentry"],"blocksy_meta":{"styles_descriptor":{"styles":{"desktop":"","tablet":"","mobile":""},"google_fonts":[],"version":6}},"aioseo_notices":[],"_links":{"self":[{"href":"https:\/\/deepwai.com\/en\/wp-json\/wp\/v2\/pages\/2508","targetHints":{"allow":["GET"]}}],"collection":[{"href":"https:\/\/deepwai.com\/en\/wp-json\/wp\/v2\/pages"}],"about":[{"href":"https:\/\/deepwai.com\/en\/wp-json\/wp\/v2\/types\/page"}],"author":[{"embeddable":true,"href":"https:\/\/deepwai.com\/en\/wp-json\/wp\/v2\/users\/1"}],"replies":[{"embeddable":true,"href":"https:\/\/deepwai.com\/en\/wp-json\/wp\/v2\/comments?post=2508"}],"version-history":[{"count":0,"href":"https:\/\/deepwai.com\/en\/wp-json\/wp\/v2\/pages\/2508\/revisions"}],"wp:attachment":[{"href":"https:\/\/deepwai.com\/en\/wp-json\/wp\/v2\/media?parent=2508"}],"curies":[{"name":"wp","href":"https:\/\/api.w.org\/{rel}","templated":true}]}}